{"id":335,"date":"2019-11-15T08:59:10","date_gmt":"2019-11-15T08:59:10","guid":{"rendered":"https:\/\/bmaritimegroup.com\/?page_id=335"},"modified":"2023-10-06T11:26:04","modified_gmt":"2023-10-06T11:26:04","slug":"contact-2","status":"publish","type":"page","link":"https:\/\/bmaritimegroup.com\/fr\/contact-2\/","title":{"rendered":"Contact"},"content":{"rendered":"\t\t<div data-elementor-type=\"wp-post\" data-elementor-id=\"335\" class=\"elementor elementor-335\" data-elementor-post-type=\"page\">\n\t\t\t\t\t\t<section class=\"elementor-section elementor-top-section elementor-element elementor-element-0759744 elementor-section-boxed elementor-section-height-default elementor-section-height-default elementor-invisible\" data-id=\"0759744\" data-element_type=\"section\" data-settings=\"{&quot;animation&quot;:&quot;fadeInUp&quot;}\">\n\t\t\t\t\t\t<div class=\"elementor-container elementor-column-gap-default\">\n\t\t\t\t\t<div class=\"elementor-column elementor-col-50 elementor-top-column elementor-element elementor-element-9221b25\" data-id=\"9221b25\" data-element_type=\"column\">\n\t\t\t<div class=\"elementor-widget-wrap elementor-element-populated\">\n\t\t\t\t\t\t<div class=\"elementor-element elementor-element-5a647d9 elementor-widget elementor-widget-heading\" data-id=\"5a647d9\" data-element_type=\"widget\" data-widget_type=\"heading.default\">\n\t\t\t\t<div class=\"elementor-widget-container\">\n\t\t\t\t\t<h2 class=\"elementor-heading-title elementor-size-default\">Get in touch with us<\/h2>\t\t\t\t<\/div>\n\t\t\t\t<\/div>\n\t\t\t\t<div class=\"elementor-element elementor-element-4b5e7f0 elementor-widget elementor-widget-html\" data-id=\"4b5e7f0\" data-element_type=\"widget\" data-widget_type=\"html.default\">\n\t\t\t\t<div class=\"elementor-widget-container\">\n\t\t\t\t\t\n<div class=\"wpcf7 no-js\" id=\"wpcf7-f116-o1\" lang=\"fr-FR\" dir=\"ltr\" data-wpcf7-id=\"116\">\n<div class=\"screen-reader-response\"><p role=\"status\" aria-live=\"polite\" aria-atomic=\"true\"><\/p> <ul><\/ul><\/div>\n<form action=\"\/fr\/wp-json\/wp\/v2\/pages\/335#wpcf7-f116-o1\" method=\"post\" class=\"wpcf7-form init\" aria-label=\"Formulaire de contact\" novalidate=\"novalidate\" data-status=\"init\">\n<fieldset class=\"hidden-fields-container\"><input type=\"hidden\" name=\"_wpcf7\" value=\"116\" \/><input type=\"hidden\" name=\"_wpcf7_version\" value=\"6.1.4\" \/><input type=\"hidden\" name=\"_wpcf7_locale\" value=\"fr_FR\" \/><input type=\"hidden\" name=\"_wpcf7_unit_tag\" value=\"wpcf7-f116-o1\" \/><input type=\"hidden\" name=\"_wpcf7_container_post\" value=\"0\" \/><input type=\"hidden\" name=\"_wpcf7_posted_data_hash\" value=\"\" \/>\n<\/fieldset>\n<div class=\"contact-form-row\">\n\t<div>\n\t\t<p><span>E-mail *<\/span>\n\t\t<\/p>\n\t\t<p><span class=\"wpcf7-form-control-wrap\" data-name=\"email\"><input size=\"40\" maxlength=\"400\" class=\"wpcf7-form-control wpcf7-email wpcf7-validates-as-required wpcf7-text wpcf7-validates-as-email contact-form__email\" aria-required=\"true\" aria-invalid=\"false\" value=\"\" type=\"email\" name=\"email\" \/><\/span>\n\t\t<\/p>\n\t<\/div>\n<\/div>\n<p>Object\n<\/p>\n<p><span class=\"wpcf7-form-control-wrap\" data-name=\"subject\"><input size=\"40\" maxlength=\"400\" class=\"wpcf7-form-control wpcf7-text contact-form__subject\" aria-invalid=\"false\" value=\"\" type=\"text\" name=\"subject\" \/><\/span>\n<\/p>\n<p>Message *\n<\/p>\n<p><span class=\"wpcf7-form-control-wrap\" data-name=\"message\"><textarea cols=\"40\" rows=\"10\" maxlength=\"2000\" class=\"wpcf7-form-control wpcf7-textarea wpcf7-validates-as-required contact-form__message\" aria-required=\"true\" aria-invalid=\"false\" name=\"message\"><\/textarea><\/span>\n<\/p>\n<p><input class=\"wpcf7-form-control wpcf7-submit has-spinner contact-form__submit\" type=\"submit\" value=\"Send\" \/>\n<\/p><div class=\"wpcf7-response-output\" aria-hidden=\"true\"><\/div>\n<\/form>\n<\/div>\n\t\t\t\t<\/div>\n\t\t\t\t<\/div>\n\t\t\t\t\t<\/div>\n\t\t<\/div>\n\t\t\t\t<div class=\"elementor-column elementor-col-50 elementor-top-column elementor-element elementor-element-0a0f19f\" data-id=\"0a0f19f\" data-element_type=\"column\">\n\t\t\t<div class=\"elementor-widget-wrap elementor-element-populated\">\n\t\t\t\t\t\t<div class=\"elementor-element elementor-element-e48091a elementor-position-left elementor-vertical-align-top elementor-widget elementor-widget-image-box\" data-id=\"e48091a\" data-element_type=\"widget\" data-widget_type=\"image-box.default\">\n\t\t\t\t<div class=\"elementor-widget-container\">\n\t\t\t\t\t<div class=\"elementor-image-box-wrapper\"><figure class=\"elementor-image-box-img\"><img decoding=\"async\" width=\"1\" height=\"1\" src=\"https:\/\/bmaritimegroup.com\/wp-content\/uploads\/2018\/05\/004-mail.svg\" class=\"attachment-full size-full wp-image-92\" alt=\"\" \/><\/figure><div class=\"elementor-image-box-content\"><div class=\"elementor-image-box-title\">TOGO<br>info@bmaritimegroup.com<br>operations@bmaritime.com<\/div><\/div><\/div>\t\t\t\t<\/div>\n\t\t\t\t<\/div>\n\t\t\t\t<div class=\"elementor-element elementor-element-43ac6b5 elementor-position-left elementor-vertical-align-top elementor-widget elementor-widget-image-box\" data-id=\"43ac6b5\" data-element_type=\"widget\" data-widget_type=\"image-box.default\">\n\t\t\t\t<div class=\"elementor-widget-container\">\n\t\t\t\t\t<div class=\"elementor-image-box-wrapper\"><figure class=\"elementor-image-box-img\"><img decoding=\"async\" width=\"1\" height=\"1\" src=\"https:\/\/bmaritimegroup.com\/wp-content\/uploads\/2018\/05\/001-location-pin.svg\" class=\"attachment-full size-full wp-image-90\" alt=\"\" \/><\/figure><div class=\"elementor-image-box-content\"><div class=\"elementor-image-box-title\">Lom\u00e9-Zorobar, Route du grand contournement, 4\u00e8me rue apr\u00e8s la gendarmerie Zorro-bar en allant vers le rond-point Adakpam\u00e9 01 BP. 675 <br>Lom\u00e9 - TOGO<\/div><\/div><\/div>\t\t\t\t<\/div>\n\t\t\t\t<\/div>\n\t\t\t\t<div class=\"elementor-element elementor-element-ad28861 elementor-position-left elementor-vertical-align-top elementor-widget elementor-widget-image-box\" data-id=\"ad28861\" data-element_type=\"widget\" data-widget_type=\"image-box.default\">\n\t\t\t\t<div class=\"elementor-widget-container\">\n\t\t\t\t\t<div class=\"elementor-image-box-wrapper\"><figure class=\"elementor-image-box-img\"><img decoding=\"async\" width=\"1\" height=\"1\" src=\"https:\/\/bmaritimegroup.com\/wp-content\/uploads\/2018\/05\/003-phone-call.svg\" class=\"attachment-full size-full wp-image-91\" alt=\"\" \/><\/figure><div class=\"elementor-image-box-content\"><div class=\"elementor-image-box-title\">Tel.(24\/7): 00228 22 27 80 81 \/ 00228 97 18 89 89<\/div><\/div><\/div>\t\t\t\t<\/div>\n\t\t\t\t<\/div>\n\t\t\t\t<div class=\"elementor-element elementor-element-f83ef82 elementor-position-left elementor-vertical-align-top elementor-widget elementor-widget-image-box\" data-id=\"f83ef82\" data-element_type=\"widget\" data-widget_type=\"image-box.default\">\n\t\t\t\t<div class=\"elementor-widget-container\">\n\t\t\t\t\t<div class=\"elementor-image-box-wrapper\"><figure class=\"elementor-image-box-img\"><img decoding=\"async\" width=\"1\" height=\"1\" src=\"https:\/\/bmaritimegroup.com\/wp-content\/uploads\/2018\/05\/004-mail.svg\" class=\"attachment-full size-full wp-image-92\" alt=\"\" \/><\/figure><div class=\"elementor-image-box-content\"><div class=\"elementor-image-box-title\">GHANA<br>tema@bmaritimegroup.com<br>ghana@bmaritimegroup.com<\/div><\/div><\/div>\t\t\t\t<\/div>\n\t\t\t\t<\/div>\n\t\t\t\t<div class=\"elementor-element elementor-element-abffa5f elementor-position-left elementor-vertical-align-top elementor-widget elementor-widget-image-box\" data-id=\"abffa5f\" data-element_type=\"widget\" data-widget_type=\"image-box.default\">\n\t\t\t\t<div class=\"elementor-widget-container\">\n\t\t\t\t\t<div class=\"elementor-image-box-wrapper\"><figure class=\"elementor-image-box-img\"><img decoding=\"async\" width=\"1\" height=\"1\" src=\"https:\/\/bmaritimegroup.com\/wp-content\/uploads\/2018\/05\/001-location-pin.svg\" class=\"attachment-full size-full wp-image-90\" alt=\"\" \/><\/figure><div class=\"elementor-image-box-content\"><div class=\"elementor-image-box-title\">R&amp;G LOGISTICS LTD, Tema Fishing Harbor Adjacent GCB BANK <br>Tema - GHANA<\/div><\/div><\/div>\t\t\t\t<\/div>\n\t\t\t\t<\/div>\n\t\t\t\t<div class=\"elementor-element elementor-element-e0ee556 elementor-position-left elementor-vertical-align-top elementor-widget elementor-widget-image-box\" data-id=\"e0ee556\" data-element_type=\"widget\" data-widget_type=\"image-box.default\">\n\t\t\t\t<div class=\"elementor-widget-container\">\n\t\t\t\t\t<div class=\"elementor-image-box-wrapper\"><figure class=\"elementor-image-box-img\"><img decoding=\"async\" width=\"1\" height=\"1\" src=\"https:\/\/bmaritimegroup.com\/wp-content\/uploads\/2018\/05\/003-phone-call.svg\" class=\"attachment-full size-full wp-image-91\" alt=\"\" \/><\/figure><div class=\"elementor-image-box-content\"><div class=\"elementor-image-box-title\">Tel.(24\/7): +233 53 158 1392<\/div><\/div><\/div>\t\t\t\t<\/div>\n\t\t\t\t<\/div>\n\t\t\t\t<div class=\"elementor-element elementor-element-e5d5455 elementor-position-left elementor-vertical-align-top elementor-widget elementor-widget-image-box\" data-id=\"e5d5455\" data-element_type=\"widget\" data-widget_type=\"image-box.default\">\n\t\t\t\t<div class=\"elementor-widget-container\">\n\t\t\t\t\t<div class=\"elementor-image-box-wrapper\"><figure class=\"elementor-image-box-img\"><img decoding=\"async\" width=\"1\" height=\"1\" src=\"https:\/\/bmaritimegroup.com\/wp-content\/uploads\/2018\/05\/004-mail.svg\" class=\"attachment-full size-full wp-image-92\" alt=\"\" \/><\/figure><div class=\"elementor-image-box-content\"><div class=\"elementor-image-box-title\">BENIN<br>benin@bmaritimegroup.com<\/div><\/div><\/div>\t\t\t\t<\/div>\n\t\t\t\t<\/div>\n\t\t\t\t<div class=\"elementor-element elementor-element-7f2d2cf elementor-position-left elementor-vertical-align-top elementor-widget elementor-widget-image-box\" data-id=\"7f2d2cf\" data-element_type=\"widget\" data-widget_type=\"image-box.default\">\n\t\t\t\t<div class=\"elementor-widget-container\">\n\t\t\t\t\t<div class=\"elementor-image-box-wrapper\"><figure class=\"elementor-image-box-img\"><img decoding=\"async\" width=\"1\" height=\"1\" src=\"https:\/\/bmaritimegroup.com\/wp-content\/uploads\/2018\/05\/001-location-pin.svg\" class=\"attachment-full size-full wp-image-90\" alt=\"\" \/><\/figure><div class=\"elementor-image-box-content\"><div class=\"elementor-image-box-title\">S\/C 3826 Maison Koinou Abla Collette, Quartier Fidjrosse Kpote<br>Cotonou - BENIN<\/div><\/div><\/div>\t\t\t\t<\/div>\n\t\t\t\t<\/div>\n\t\t\t\t<div class=\"elementor-element elementor-element-71e3ddd elementor-position-left elementor-vertical-align-top elementor-widget elementor-widget-image-box\" data-id=\"71e3ddd\" data-element_type=\"widget\" data-widget_type=\"image-box.default\">\n\t\t\t\t<div class=\"elementor-widget-container\">\n\t\t\t\t\t<div class=\"elementor-image-box-wrapper\"><figure class=\"elementor-image-box-img\"><img decoding=\"async\" width=\"1\" height=\"1\" src=\"https:\/\/bmaritimegroup.com\/wp-content\/uploads\/2018\/05\/003-phone-call.svg\" class=\"attachment-full size-full wp-image-91\" alt=\"\" \/><\/figure><div class=\"elementor-image-box-content\"><div class=\"elementor-image-box-title\">Tel.(24\/7): 00229 46 49 15 60  \/ 00229 46 24 92 82<\/div><\/div><\/div>\t\t\t\t<\/div>\n\t\t\t\t<\/div>\n\t\t\t\t\t<\/div>\n\t\t<\/div>\n\t\t\t\t\t<\/div>\n\t\t<\/section>\n\t\t\t\t<section class=\"elementor-section elementor-top-section elementor-element elementor-element-06dacf3 elementor-section-boxed elementor-section-height-default elementor-section-height-default\" data-id=\"06dacf3\" data-element_type=\"section\">\n\t\t\t\t\t\t<div class=\"elementor-container elementor-column-gap-default\">\n\t\t\t\t\t<div class=\"elementor-column elementor-col-100 elementor-top-column elementor-element elementor-element-942ced3\" data-id=\"942ced3\" data-element_type=\"column\">\n\t\t\t<div class=\"elementor-widget-wrap elementor-element-populated\">\n\t\t\t\t\t\t<div class=\"elementor-element elementor-element-0084c72 elementor-widget-divider--view-line elementor-widget elementor-widget-divider\" data-id=\"0084c72\" data-element_type=\"widget\" data-widget_type=\"divider.default\">\n\t\t\t\t<div class=\"elementor-widget-container\">\n\t\t\t\t\t\t\t<div class=\"elementor-divider\">\n\t\t\t<span class=\"elementor-divider-separator\">\n\t\t\t\t\t\t<\/span>\n\t\t<\/div>\n\t\t\t\t\t\t<\/div>\n\t\t\t\t<\/div>\n\t\t\t\t\t<\/div>\n\t\t<\/div>\n\t\t\t\t\t<\/div>\n\t\t<\/section>\n\t\t\t\t<section class=\"elementor-section elementor-top-section elementor-element elementor-element-a7c57c1 elementor-section-full_width elementor-section-height-default elementor-section-height-default\" data-id=\"a7c57c1\" data-element_type=\"section\">\n\t\t\t\t\t\t<div class=\"elementor-container elementor-column-gap-default\">\n\t\t\t\t\t<div class=\"elementor-column elementor-col-100 elementor-top-column elementor-element elementor-element-85a3e88\" data-id=\"85a3e88\" data-element_type=\"column\">\n\t\t\t<div class=\"elementor-widget-wrap elementor-element-populated\">\n\t\t\t\t\t\t<div class=\"elementor-element elementor-element-66f5c28 elementor-invisible elementor-widget elementor-widget-google_maps\" data-id=\"66f5c28\" data-element_type=\"widget\" data-settings=\"{&quot;_animation&quot;:&quot;zoomIn&quot;}\" data-widget_type=\"google_maps.default\">\n\t\t\t\t<div class=\"elementor-widget-container\">\n\t\t\t\t\t\t\t<div class=\"elementor-custom-embed\">\n\t\t\t<iframe loading=\"lazy\"\n\t\t\t\t\tsrc=\"https:\/\/maps.google.com\/maps?q=Brightness%20Maritime%20Agency%2C%20Lom%C3%A9%20Togo&#038;t=m&#038;z=10&#038;output=embed&#038;iwloc=near\"\n\t\t\t\t\ttitle=\"Brightness Maritime Agency, Lom\u00e9 Togo\"\n\t\t\t\t\taria-label=\"Brightness Maritime Agency, Lom\u00e9 Togo\"\n\t\t\t><\/iframe>\n\t\t<\/div>\n\t\t\t\t\t\t<\/div>\n\t\t\t\t<\/div>\n\t\t\t\t\t<\/div>\n\t\t<\/div>\n\t\t\t\t\t<\/div>\n\t\t<\/section>\n\t\t\t\t<section class=\"elementor-section elementor-top-section elementor-element elementor-element-de44711 elementor-section-boxed elementor-section-height-default elementor-section-height-default\" data-id=\"de44711\" data-element_type=\"section\">\n\t\t\t\t\t\t<div class=\"elementor-container elementor-column-gap-default\">\n\t\t\t\t\t<div class=\"elementor-column elementor-col-100 elementor-top-column elementor-element elementor-element-b1d55ac\" data-id=\"b1d55ac\" data-element_type=\"column\">\n\t\t\t<div class=\"elementor-widget-wrap elementor-element-populated\">\n\t\t\t\t\t\t<div class=\"elementor-element elementor-element-4fa4784 elementor-widget elementor-widget-spacer\" data-id=\"4fa4784\" data-element_type=\"widget\" data-widget_type=\"spacer.default\">\n\t\t\t\t<div class=\"elementor-widget-container\">\n\t\t\t\t\t\t\t<div class=\"elementor-spacer\">\n\t\t\t<div class=\"elementor-spacer-inner\"><\/div>\n\t\t<\/div>\n\t\t\t\t\t\t<\/div>\n\t\t\t\t<\/div>\n\t\t\t\t\t<\/div>\n\t\t<\/div>\n\t\t\t\t\t<\/div>\n\t\t<\/section>\n\t\t\t\t<\/div>\n\t\t","protected":false},"excerpt":{"rendered":"<p>Get in touch with us TOGOinfo@bmaritimegroup.comoperations@bmaritime.com Lom\u00e9-Zorobar, Route du grand contournement, 4\u00e8me rue apr\u00e8s la gendarmerie Zorro-bar en allant vers le rond-point Adakpam\u00e9 01 BP. 675 Lom\u00e9 &#8211; TOGO Tel.(24\/7): 00228 22 27 80 81 \/ 00228 97 18 89 89 GHANAtema@bmaritimegroup.comghana@bmaritimegroup.com R&amp;G LOGISTICS LTD, Tema Fishing Harbor Adjacent GCB BANK Tema &#8211; GHANA Tel.(24\/7): [&hellip;]<\/p>\n","protected":false},"author":1,"featured_media":0,"parent":0,"menu_order":0,"comment_status":"closed","ping_status":"closed","template":"","meta":{"inline_featured_image":false,"site-sidebar-layout":"no-sidebar","site-content-layout":"page-builder","ast-site-content-layout":"default","site-content-style":"default","site-sidebar-style":"default","ast-global-header-display":"","ast-banner-title-visibility":"","ast-main-header-display":"","ast-hfb-above-header-display":"","ast-hfb-below-header-display":"","ast-hfb-mobile-header-display":"","site-post-title":"disabled","ast-breadcrumbs-content":"","ast-featured-img":"disabled","footer-sml-layout":"","ast-disable-related-posts":"","theme-transparent-header-meta":"default","adv-header-id-meta":"","stick-header-meta":"default","header-above-stick-meta":"","header-main-stick-meta":"","header-below-stick-meta":"","astra-migrate-meta-layouts":"default","ast-page-background-enabled":"default","ast-page-background-meta":{"desktop":{"background-color":"","background-image":"","background-repeat":"repeat","background-position":"center center","background-size":"auto","background-attachment":"scroll","background-type":"","background-media":"","overlay-type":"","overlay-color":"","overlay-opacity":"","overlay-gradient":""},"tablet":{"background-color":"","background-image":"","background-repeat":"repeat","background-position":"center center","background-size":"auto","background-attachment":"scroll","background-type":"","background-media":"","overlay-type":"","overlay-color":"","overlay-opacity":"","overlay-gradient":""},"mobile":{"background-color":"","background-image":"","background-repeat":"repeat","background-position":"center center","background-size":"auto","background-attachment":"scroll","background-type":"","background-media":"","overlay-type":"","overlay-color":"","overlay-opacity":"","overlay-gradient":""}},"ast-content-background-meta":{"desktop":{"background-color":"var(--ast-global-color-5)","background-image":"","background-repeat":"repeat","background-position":"center center","background-size":"auto","background-attachment":"scroll","background-type":"","background-media":"","overlay-type":"","overlay-color":"","overlay-opacity":"","overlay-gradient":""},"tablet":{"background-color":"var(--ast-global-color-5)","background-image":"","background-repeat":"repeat","background-position":"center center","background-size":"auto","background-attachment":"scroll","background-type":"","background-media":"","overlay-type":"","overlay-color":"","overlay-opacity":"","overlay-gradient":""},"mobile":{"background-color":"var(--ast-global-color-5)","background-image":"","background-repeat":"repeat","background-position":"center center","background-size":"auto","background-attachment":"scroll","background-type":"","background-media":"","overlay-type":"","overlay-color":"","overlay-opacity":"","overlay-gradient":""}},"footnotes":""},"class_list":["post-335","page","type-page","status-publish","hentry"],"yoast_head":"<!-- This site is optimized with the Yoast SEO Premium plugin v15.9.2 - https:\/\/yoast.com\/wordpress\/plugins\/seo\/ -->\n<title>Contact - Brightness Maritime Group<\/title>\n<link rel=\"canonical\" href=\"https:\/\/bmaritimegroup.com\/fr\/contact-2\/\" \/>\n<meta property=\"og:locale\" content=\"fr_FR\" \/>\n<meta property=\"og:type\" content=\"article\" \/>\n<meta property=\"og:title\" content=\"Contact - Brightness Maritime Group\" \/>\n<meta property=\"og:description\" content=\"Get in touch with us TOGOinfo@bmaritimegroup.comoperations@bmaritime.com Lom\u00e9-Zorobar, Route du grand contournement, 4\u00e8me rue apr\u00e8s la gendarmerie Zorro-bar en allant vers le rond-point Adakpam\u00e9 01 BP. 675 Lom\u00e9 &#8211; TOGO Tel.(24\/7): 00228 22 27 80 81 \/ 00228 97 18 89 89 GHANAtema@bmaritimegroup.comghana@bmaritimegroup.com R&amp;G LOGISTICS LTD, Tema Fishing Harbor Adjacent GCB BANK Tema &#8211; GHANA Tel.(24\/7): [&hellip;]\" \/>\n<meta property=\"og:url\" content=\"https:\/\/bmaritimegroup.com\/fr\/contact-2\/\" \/>\n<meta property=\"og:site_name\" content=\"Brightness Maritime Group\" \/>\n<meta property=\"article:publisher\" content=\"https:\/\/www.facebook.com\/Brightness-Maritime-Agency-109975087411098\" \/>\n<meta property=\"article:modified_time\" content=\"2023-10-06T11:26:04+00:00\" \/>\n<meta property=\"og:image\" content=\"https:\/\/bmaritimegroup.com\/wp-content\/uploads\/2018\/05\/004-mail.svg\" \/>\n<meta name=\"twitter:card\" content=\"summary_large_image\" \/>\n<meta name=\"twitter:site\" content=\"@bmagency_\" \/>\n<script type=\"application\/ld+json\" class=\"yoast-schema-graph\">{\"@context\":\"https:\/\/schema.org\",\"@graph\":[{\"@type\":\"Organization\",\"@id\":\"https:\/\/bmaritimegroup.com\/#organization\",\"name\":\"Brightness Maritime Agency\",\"url\":\"https:\/\/bmaritimegroup.com\/\",\"sameAs\":[\"https:\/\/www.facebook.com\/Brightness-Maritime-Agency-109975087411098\",\"https:\/\/www.instagram.com\/brightnessmaritime\/\",\"https:\/\/www.youtube.com\/channel\/UCovJrRTX4G1_ipBKesMZ_Dw\",\"https:\/\/twitter.com\/bmagency_\"],\"logo\":{\"@type\":\"ImageObject\",\"@id\":\"https:\/\/bmaritimegroup.com\/#logo\",\"inLanguage\":\"fr-FR\",\"url\":\"https:\/\/bmaritimegroup.com\/wp-content\/uploads\/2020\/06\/Logo-BMA.jpg\",\"width\":345,\"height\":85,\"caption\":\"Brightness Maritime Agency\"},\"image\":{\"@id\":\"https:\/\/bmaritimegroup.com\/#logo\"}},{\"@type\":\"WebSite\",\"@id\":\"https:\/\/bmaritimegroup.com\/#website\",\"url\":\"https:\/\/bmaritimegroup.com\/\",\"name\":\"Brightness Maritime Group\",\"description\":\"La poursuite de l&#039;excellence\",\"publisher\":{\"@id\":\"https:\/\/bmaritimegroup.com\/#organization\"},\"potentialAction\":[{\"@type\":\"SearchAction\",\"target\":\"https:\/\/bmaritimegroup.com\/?s={search_term_string}\",\"query-input\":\"required name=search_term_string\"}],\"inLanguage\":\"fr-FR\"},{\"@type\":\"ImageObject\",\"@id\":\"https:\/\/bmaritimegroup.com\/fr\/contact-2\/#primaryimage\",\"inLanguage\":\"fr-FR\",\"url\":\"https:\/\/bmaritimegroup.com\/wp-content\/uploads\/2018\/05\/004-mail.svg\"},{\"@type\":\"WebPage\",\"@id\":\"https:\/\/bmaritimegroup.com\/fr\/contact-2\/#webpage\",\"url\":\"https:\/\/bmaritimegroup.com\/fr\/contact-2\/\",\"name\":\"Contact - Brightness Maritime Group\",\"isPartOf\":{\"@id\":\"https:\/\/bmaritimegroup.com\/#website\"},\"primaryImageOfPage\":{\"@id\":\"https:\/\/bmaritimegroup.com\/fr\/contact-2\/#primaryimage\"},\"datePublished\":\"2019-11-15T08:59:10+00:00\",\"dateModified\":\"2023-10-06T11:26:04+00:00\",\"breadcrumb\":{\"@id\":\"https:\/\/bmaritimegroup.com\/fr\/contact-2\/#breadcrumb\"},\"inLanguage\":\"fr-FR\",\"potentialAction\":[{\"@type\":\"ReadAction\",\"target\":[\"https:\/\/bmaritimegroup.com\/fr\/contact-2\/\"]}]},{\"@type\":\"BreadcrumbList\",\"@id\":\"https:\/\/bmaritimegroup.com\/fr\/contact-2\/#breadcrumb\",\"itemListElement\":[{\"@type\":\"ListItem\",\"position\":1,\"item\":{\"@type\":\"WebPage\",\"@id\":\"https:\/\/bmaritimegroup.com\/fr\/\",\"url\":\"https:\/\/bmaritimegroup.com\/fr\/\",\"name\":\"Home\"}},{\"@type\":\"ListItem\",\"position\":2,\"item\":{\"@type\":\"WebPage\",\"@id\":\"https:\/\/bmaritimegroup.com\/fr\/contact-2\/\",\"url\":\"https:\/\/bmaritimegroup.com\/fr\/contact-2\/\",\"name\":\"Contact\"}}]}]}<\/script>\n<!-- \/ Yoast SEO Premium plugin. -->","_links":{"self":[{"href":"https:\/\/bmaritimegroup.com\/fr\/wp-json\/wp\/v2\/pages\/335","targetHints":{"allow":["GET"]}}],"collection":[{"href":"https:\/\/bmaritimegroup.com\/fr\/wp-json\/wp\/v2\/pages"}],"about":[{"href":"https:\/\/bmaritimegroup.com\/fr\/wp-json\/wp\/v2\/types\/page"}],"author":[{"embeddable":true,"href":"https:\/\/bmaritimegroup.com\/fr\/wp-json\/wp\/v2\/users\/1"}],"replies":[{"embeddable":true,"href":"https:\/\/bmaritimegroup.com\/fr\/wp-json\/wp\/v2\/comments?post=335"}],"version-history":[{"count":32,"href":"https:\/\/bmaritimegroup.com\/fr\/wp-json\/wp\/v2\/pages\/335\/revisions"}],"predecessor-version":[{"id":4248,"href":"https:\/\/bmaritimegroup.com\/fr\/wp-json\/wp\/v2\/pages\/335\/revisions\/4248"}],"wp:attachment":[{"href":"https:\/\/bmaritimegroup.com\/fr\/wp-json\/wp\/v2\/media?parent=335"}],"curies":[{"name":"wp","href":"https:\/\/api.w.org\/{rel}","templated":true}]}}